{"id":163,"date":"2016-04-04T12:04:36","date_gmt":"2016-04-04T10:04:36","guid":{"rendered":"http:\/\/resinwood.cadcoordinator.se\/?page_id=163"},"modified":"2020-03-04T09:54:55","modified_gmt":"2020-03-04T08:54:55","slug":"sok-jobb-hos-oss","status":"publish","type":"page","link":"https:\/\/www.levin-vvs.se\/index.php\/sok-jobb-hos-oss\/","title":{"rendered":"VILL NI KONTAKTA OSS F\u00d6R NYA UPPDRAG?"},"content":{"rendered":"<h2>KONTAKTA OSS<\/h2>\n<p>VI \u00c4R ALLTID INTRESSERADE AV NYA UPPDRAG V\u00c4LKOMMEN ATT FYLLA I FORMUL\u00c4RET NEDAN S\u00c5 KONTAKTAR VI ER<\/p>\n\n<div class=\"wpcf7 no-js\" id=\"wpcf7-f388-o1\" lang=\"sv-SE\" dir=\"ltr\" data-wpcf7-id=\"388\">\n<div class=\"screen-reader-response\"><p role=\"status\" aria-live=\"polite\" aria-atomic=\"true\"><\/p> <ul><\/ul><\/div>\n<form action=\"\/index.php\/wp-json\/wp\/v2\/pages\/163#wpcf7-f388-o1\" method=\"post\" class=\"wpcf7-form init\" aria-label=\"Kontaktformul\u00e4r\" novalidate=\"novalidate\" data-status=\"init\">\n<fieldset class=\"hidden-fields-container\"><input type=\"hidden\" name=\"_wpcf7\" value=\"388\" \/><input type=\"hidden\" name=\"_wpcf7_version\" value=\"6.1.1\" \/><input type=\"hidden\" name=\"_wpcf7_locale\" value=\"sv_SE\" \/><input type=\"hidden\" name=\"_wpcf7_unit_tag\" value=\"wpcf7-f388-o1\" \/><input type=\"hidden\" name=\"_wpcf7_container_post\" value=\"0\" \/><input type=\"hidden\" name=\"_wpcf7_posted_data_hash\" value=\"\" \/>\n<\/fieldset>\n<p><strong>Ja tack, kontakta mig g\u00e4rna <\/strong>\n<\/p>\n<p><span class=\"wpcf7-form-control-wrap\" data-name=\"namn\"><input size=\"40\" maxlength=\"400\" class=\"wpcf7-form-control wpcf7-text wpcf7-validates-as-required\" aria-required=\"true\" aria-invalid=\"false\" placeholder=\"F\u00f6r &amp; efternamn\" value=\"\" type=\"text\" name=\"namn\" \/><\/span>\n<\/p>\n<p><span class=\"wpcf7-form-control-wrap\" data-name=\"telefon\"><input size=\"40\" maxlength=\"400\" class=\"wpcf7-form-control wpcf7-tel wpcf7-validates-as-required wpcf7-text wpcf7-validates-as-tel\" aria-required=\"true\" aria-invalid=\"false\" placeholder=\"Telefon\" value=\"\" type=\"tel\" name=\"telefon\" \/><\/span>\n<\/p>\n<p><span class=\"wpcf7-form-control-wrap\" data-name=\"email-22\"><input size=\"40\" maxlength=\"400\" class=\"wpcf7-form-control wpcf7-email wpcf7-validates-as-required wpcf7-text wpcf7-validates-as-email\" aria-required=\"true\" aria-invalid=\"false\" placeholder=\"E-post\" value=\"\" type=\"email\" name=\"email-22\" \/><\/span>\n<\/p>\n<p><input class=\"wpcf7-form-control wpcf7-submit has-spinner\" type=\"submit\" value=\"SKICKA\" \/>\n<\/p><div class=\"wpcf7-response-output\" aria-hidden=\"true\"><\/div>\n<\/form>\n<\/div>\n\n","protected":false},"excerpt":{"rendered":"<p>KONTAKTA OSS VI \u00c4R ALLTID INTRESSERADE AV NYA UPPDRAG V\u00c4LKOMMEN ATT FYLLA I FORMUL\u00c4RET NEDAN S\u00c5 KONTAKTAR VI ER<\/p>\n","protected":false},"author":1,"featured_media":0,"parent":0,"menu_order":0,"comment_status":"closed","ping_status":"closed","template":"","meta":{"footnotes":""},"class_list":["post-163","page","type-page","status-publish","hentry"],"_links":{"self":[{"href":"https:\/\/www.levin-vvs.se\/index.php\/wp-json\/wp\/v2\/pages\/163","targetHints":{"allow":["GET"]}}],"collection":[{"href":"https:\/\/www.levin-vvs.se\/index.php\/wp-json\/wp\/v2\/pages"}],"about":[{"href":"https:\/\/www.levin-vvs.se\/index.php\/wp-json\/wp\/v2\/types\/page"}],"author":[{"embeddable":true,"href":"https:\/\/www.levin-vvs.se\/index.php\/wp-json\/wp\/v2\/users\/1"}],"replies":[{"embeddable":true,"href":"https:\/\/www.levin-vvs.se\/index.php\/wp-json\/wp\/v2\/comments?post=163"}],"version-history":[{"count":7,"href":"https:\/\/www.levin-vvs.se\/index.php\/wp-json\/wp\/v2\/pages\/163\/revisions"}],"predecessor-version":[{"id":390,"href":"https:\/\/www.levin-vvs.se\/index.php\/wp-json\/wp\/v2\/pages\/163\/revisions\/390"}],"wp:attachment":[{"href":"https:\/\/www.levin-vvs.se\/index.php\/wp-json\/wp\/v2\/media?parent=163"}],"curies":[{"name":"wp","href":"https:\/\/api.w.org\/{rel}","templated":true}]}}