{"id":39,"date":"2016-03-11T13:52:19","date_gmt":"2016-03-11T12:52:19","guid":{"rendered":"http:\/\/resinwood.cadcoordinator.se\/?page_id=39"},"modified":"2020-01-20T16:10:33","modified_gmt":"2020-01-20T15:10:33","slug":"om-levin","status":"publish","type":"page","link":"https:\/\/www.levin-vvs.se\/index.php\/om-levin\/","title":{"rendered":"OM LEVIN"},"content":{"rendered":"<div id=\"pl-39\"  class=\"panel-layout\" ><div id=\"pg-39-0\"  class=\"panel-grid panel-has-style\" ><div class=\"pic-city-bg panel-row-style panel-row-style-for-39-0\" id=\"aboutUs\" ><div id=\"pgc-39-0-0\"  class=\"panel-grid-cell\" ><div id=\"panel-39-0-0-0\" class=\"so-panel widget widget_text panel-first-child panel-last-child\" data-index=\"0\" ><div class=\"blue-italic panel-widget-style panel-widget-style-for-39-0-0-0\" >\t\t\t<div class=\"textwidget\">F\u00f6retaget startades 1971 av Mats Levin och 2005 genomf\u00f6rdes ett generationsskifte som innebar att Jan Levin \u00f6vertog verksamheten som numera engagerar upp till 7 personer. \n<br><br>\nVi arbetar huvudsakligen med projektering av r\u00f6r- och luftbehandlingsinstallationer f\u00f6r bost\u00e4der, kontor, barnstugor, skolor, tv\u00e4ttstugor, skyddsrum, butiker och hotell samt industrianl\u00e4ggningar. F\u00f6r mindre fastighets\u00e4gare och bostadsr\u00e4ttsf\u00f6reningar uppr\u00e4ttar vi rambeskrivningar f\u00f6r VVS-arbeten inf\u00f6r f\u00f6rest\u00e5ende stambyten. D\u00e4r ut\u00f6ver har vi bred erfarenhet av att vara best\u00e4llarens representant vid genomf\u00f6rande av entreprenader och utf\u00f6ra besiktningsuppdrag.\n\n\n\n<\/div>\n\t\t<\/div><\/div><\/div><\/div><\/div><div id=\"pg-39-1\"  class=\"panel-grid panel-has-style\" ><div class=\"white-bg panel-row-style panel-row-style-for-39-1\" ><div id=\"pgc-39-1-0\"  class=\"panel-grid-cell\" ><div id=\"panel-39-1-0-0\" class=\"so-panel widget widget_text panel-first-child panel-last-child\" data-index=\"1\" ><h3 class=\"widget-title\">KUNDER<\/h3>\t\t\t<div class=\"textwidget\"><center><img decoding=\"async\" src=\"http:\/\/www.levin-vvs.se\/wp-content\/uploads\/2016\/03\/bg-customers.png\"><\/center>\n\nF\u00f6r AB Stockholmshem har vi bl a projekterat 5 st omr\u00e5den av 40-tals hus s.k. smalhus. Vi har anlitats till att vara best\u00e4llarens representant avseende VVS-fr\u00e5gor under produktionstiden vid renovering av 50-talshus och nyproduktion av diverse objekt.\n\nVi har projekterat skolor f\u00f6r SISAB, bl.a. Polhemsgymnasiet, Matteusskolan, \u00d6rbyskolan, H\u00e4gerstens\u00e5sens skola och Farsta Gymnasium. F\u00f6r V\u00e4rmd\u00f6 Kommun har vi projekterat skolor, daghem, bl.a. Kvarnbergsskolan, Munkmoraskolan, Ekedalsskolan och Kyrkskolan. \n\nV\u00e5r verksamhet omfattar \u00e4ven utredningar och entreprenadbesiktningar av certifierade besiktningsm\u00e4n samt OVK-funktionskontroller av certifierade besiktningsm\u00e4n f\u00f6r industri, kontor, bost\u00e4der, skolor och hotell mm.<\/div>\n\t\t<\/div><\/div><\/div><\/div><div id=\"pg-39-2\"  class=\"panel-grid panel-has-style\" ><div class=\"gray-bg panel-row-style panel-row-style-for-39-2\" ><div id=\"pgc-39-2-0\"  class=\"panel-grid-cell\" ><div id=\"panel-39-2-0-0\" class=\"so-panel widget widget_text panel-first-child\" data-index=\"2\" ><h3 class=\"widget-title\">HUR VI JOBBAR<\/h3>\t\t\t<div class=\"textwidget\"><p>Datorprogram<br \/>\nRitningar uppr\u00e4ttar vi i Auto-CAD 2017 med VVS-applikation MagiCad 2016. Energiber\u00e4kningar sker i VIP Energy.<\/p>\n<p>Kvalitetssystem<br \/>\nSedan l\u00e4nge har vi arbetat med kvalitetss\u00e4kring och uppf\u00f6ljning av projekt.<\/p>\n<\/div>\n\t\t<\/div><div id=\"panel-39-2-0-1\" class=\"so-panel widget widget_text panel-last-child\" data-index=\"3\" ><h3 class=\"widget-title\">INTEGRITETSPOLICY<\/h3>\t\t\t<div class=\"textwidget\"><p>Denna dag, 2018-04-26, har f\u00f6ljande policy uppr\u00e4ttats f\u00f6r Levin VVS-Konsult AB.<br \/>\nSyfte<br \/>\nVi v\u00e4rnar om din integritet. Du ska kunna k\u00e4nna dig trygg n\u00e4r du anf\u00f6rtror oss dina personuppgifter och d\u00e4rf\u00f6r har vi uppr\u00e4ttat denna policy. Syftet \u00e4r att f\u00f6rtydliga hur vi jobbar f\u00f6r att ta tillvara dina r\u00e4ttigheter och din integritet. Vi behandlar personuppgifter i enlighet med svensk lag och utg\u00e5r fr\u00e5n g\u00e4llande dataskyddslagstiftning, GDPR (General Data Protection Regulation). N\u00e4r dina personuppgifter registreras har du enligt lag r\u00e4tt att f\u00e5 viss information vilken vi h\u00e4rigenom tillhandah\u00e5ller dig. <\/p>\n<p>Bakgrund<br \/>\nVi behandlar dina personuppgifter fr\u00e4mst f\u00f6r att fullf\u00f6lja v\u00e5ra f\u00f6rpliktelser mot dig. Som anst\u00e4lld hos oss p\u00e5 Levin VVS-Konsult AB behandlas personuppgifter om dig som \u00e4r n\u00f6dv\u00e4ndiga och relevanta f\u00f6r att vi ska kunna sk\u00f6ta personaladministrationen inom anst\u00e4llningsf\u00f6rh\u00e5llandet. Som kund hos oss p\u00e5 Levin VVS-Konsult AB behandlas personuppgifter om dig som \u00e4r n\u00f6dv\u00e4ndiga och relevanta f\u00f6r att kunna leverera den tj\u00e4nst som du best\u00e4llt av oss.<br \/>\nV\u00e5r utg\u00e5ngspunkt \u00e4r att enbart behandla personuppgifter som \u00e4r n\u00f6dv\u00e4ndiga och relevanta f\u00f6r att vi ska kunna fullg\u00f6ra v\u00e5ra skyldigheter enligt avtal. Vi kan ocks\u00e5 beh\u00f6va dina personuppgifter f\u00f6r att uppfylla lagar samt utf\u00f6ra kundn\u00f6jdhetsunders\u00f6kningar.<br \/>\nDina personuppgifter kan komma att l\u00e4mnas ut till v\u00e5ra samarbetspartners i de fall d\u00e5 en samarbetspartner engagerats f\u00f6r att s\u00e4kerst\u00e4lla att vi fullg\u00f6r v\u00e5ra skyldigheter i enlighet med avtal.<br \/>\nRiktlinjer<\/p>\n<p>Vilka personuppgifter behandlar vi?<br \/>\nF\u00f6ljande uppgifter registreras eller kan komma att registreras om dig,<br \/>\n\u2022\tNamn<br \/>\n\u2022\tAdress<br \/>\n\u2022\tE-postadress<br \/>\n\u2022\tTelefonnummer<br \/>\n\u2022\t\u00c5lder<br \/>\n\u2022\tF\u00f6delsedatum<br \/>\n\u2022\tFotografier<br \/>\n\u2022\tBankrelaterade uppgifter<br \/>\n\u2022\tUppgifter som du registrerade sj\u00e4lvmant och frivilligt uppger<br \/>\n\u2022\tAnst\u00e4llningsrelaterade uppgifter<\/p>\n<p>Vilken information ger vi till dig?<br \/>\nN\u00e4r vi samlar in dina personuppgifter f\u00f6r f\u00f6rsta g\u00e5ngen kommer vi att informera dig om hur vi har f\u00e5tt tag i personuppgifterna, vad vi kommer att anv\u00e4nda dem till, vilka r\u00e4ttigheter du har enligt dataskyddslagstiftningen\/GDPR och hur du kan ta tillvara dessa.<br \/>\nVi f\u00e5r ocks\u00e5 tillg\u00e5ng till dina personuppgifter p\u00e5 f\u00f6ljande s\u00e4tt:<br \/>\n\u2022\tUppgifter som du tillhandah\u00e5ller oss direkt<br \/>\n\u2022\tUppgifter som registreras n\u00e4r du bes\u00f6ker v\u00e5r hemsida<br \/>\n\u2022\tUppgifter som vi f\u00e5r fr\u00e5n offentliga register<br \/>\n\u2022\tUppgifter som vi f\u00e5r n\u00e4r du svarar p\u00e5 enk\u00e4ter och unders\u00f6kningar<br \/>\n\u2022\tUppgifter som vi f\u00e5r n\u00e4r du kontaktar oss, s\u00f6ker anst\u00e4llning hos oss, bes\u00f6ker oss eller p\u00e5 annat s\u00e4tt tar kontakt med oss<br \/>\nDu kommer ocks\u00e5 att bli informerad om vem som \u00e4r ansvarig f\u00f6r personuppgiftsbehandlingen och hur du kan kontakta oss om du har fr\u00e5gor eller beh\u00f6ver l\u00e4mna en beg\u00e4ran eller f\u00f6rfr\u00e5gan som avser dina personuppgifter och\/eller r\u00e4ttigheter.<\/p>\n<p>Behandlas dina personuppgifter p\u00e5 ett betryggande s\u00e4tt?<br \/>\nVi har utarbetade rutiner och arbetss\u00e4tt f\u00f6r att dina personuppgifter ska hanteras p\u00e5 ett s\u00e4kert s\u00e4tt. Utg\u00e5ngspunkten \u00e4r att endast arbetstagare och andra personer inom organisationen som beh\u00f6ver personuppgifterna f\u00f6r att utf\u00f6ra sina arbetsuppgifter ska ha tillg\u00e5ng till dem.<br \/>\nBehandling om personuppgifter som \u00e4r att anse som k\u00e4nslig exempelvis s\u00e5dan personuppgiftsbehandling som g\u00e4ller h\u00e4lsa, utf\u00f6rs bara efter n\u00f6dv\u00e4ndighet och med st\u00f6d i lag.<br \/>\nV\u00e5ra s\u00e4kerhetssystem \u00e4r utvecklade med din integritet i fokus och skyddar i mycket h\u00f6g grad mot intr\u00e5ng, f\u00f6rst\u00f6ring samt andra f\u00f6r\u00e4ndringar som kan inneb\u00e4ra en risk f\u00f6r din integritet.<br \/>\nVi \u00f6verf\u00f6r inte personuppgifter i andra fall \u00e4n de som uttryckligen anges i denna policy.<br \/>\nN\u00e4r l\u00e4mnar vi ut dina personuppgifter?<br \/>\nV\u00e5r utg\u00e5ngspunkt \u00e4r att inte l\u00e4mna ut dina personuppgifter till tredje part om du inte har samtyckt till det eller om det inte \u00e4r n\u00f6dv\u00e4ndigt f\u00f6r att uppfylla v\u00e5ra f\u00f6rpliktelser enligt avtal eller lag. I de fall vi l\u00e4mnar ut personuppgifter till tredje part uppr\u00e4ttar vi personuppgiftsbitr\u00e4desavtal samt s\u00e4kerst\u00e4ller att personuppgifterna behandlas p\u00e5 ett betryggande s\u00e4tt.<br \/>\nDina r\u00e4ttigheter<br \/>\nDu har r\u00e4tt till insyn i hur dina personuppgifter behandlas. Det betyder att du kan beg\u00e4ra att f\u00e5 tillg\u00e5ng till viss information om behandlingen. Du har \u00e4ven r\u00e4tt att beg\u00e4ra att f\u00e5 felaktiga personuppgifter \u00e4ndrade, \u00f6verfl\u00f6dig behandling begr\u00e4nsad, ogrundad behandling raderad och beg\u00e4ra att f\u00e5 personuppgifter flyttade fr\u00e5n v\u00e5rt system till en annan akt\u00f6r, s.k. dataportabilitet. En beg\u00e4ran om n\u00e5got av det n\u00e4mnda kan skickas till info@levin-vvs.se<br \/>\nSkulle du uppleva att Levin VVS-Konsult AB inte behandlar dina personuppgifter korrekt har du r\u00e4tt att v\u00e4nda dig till Datainspektionen\/Integritetsskyddsmyndigheten f\u00f6r att l\u00e4mna klagom\u00e5l. F\u00f6r att vi ska kunna hj\u00e4lpa dig s\u00e5 snabbt som m\u00f6jligt \u00f6nskar vi att du v\u00e4nder dig till oss i f\u00f6rsta hand. Det \u00e4r viktigt att som anst\u00e4lld kan k\u00e4nna dig trygg hos oss p\u00e5 Levin VVS-Konsult AB.<br \/>\nKontakt med tillsynsmyndighet<br \/>\nDu har alltid m\u00f6jlighet att inge klagom\u00e5l till Datainspektionen, tillsynsmyndighet f\u00f6r efterlevnaden av aktuell dataskyddslagstiftning i Sverige. Datainspektionen kan n\u00e5s via datainspektionen@datainspektionen.se.<br \/>\nHur l\u00e5ng tid vi lagrar dina uppgifter<br \/>\nDina personuppgifter kommer att behandlas s\u00e5 l\u00e4nge det \u00e4r n\u00f6dv\u00e4ndigt f\u00f6r att kunna fullg\u00f6ra f\u00f6rpliktelser enligt anst\u00e4llningsavtalet eller enligt arbetsr\u00e4ttslig och skatter\u00e4ttslig lagstiftning.<br \/>\nAnsvar<br \/>\nLevin VVS-Konsult AB \u00e4r personuppgiftsansvarig, vilket inneb\u00e4r att vi \u00e4r ansvariga f\u00f6r hur dina personuppgifter behandlas och att dina r\u00e4ttigheter tas tillvara.<\/p>\n<p>Har du synpunkter, fr\u00e5gor eller andra funderingar kring hantering av personuppgifter, \u00e4r du alltid v\u00e4lkommen att kontakta oss p\u00e5 info@levin-vvs.se<\/p>\n<\/div>\n\t\t<\/div><\/div><\/div><\/div><div id=\"pg-39-3\"  class=\"panel-grid panel-has-style\" ><div class=\"white-bg panel-row-style panel-row-style-for-39-3\" ><div id=\"pgc-39-3-0\"  class=\"panel-grid-cell\" ><div id=\"panel-39-3-0-0\" class=\"so-panel widget widget_text panel-first-child panel-last-child\" data-index=\"4\" ><h3 class=\"widget-title\">MILJ\u00d6 &#038; F\u00d6RS\u00c4KRING<\/h3>\t\t\t<div class=\"textwidget\"><p>Milj\u00f6ledningssystem<br \/>\nVi har vana med arbete f\u00f6r milj\u00f6plan, bl a fr\u00e5gor r\u00f6rande materialval<br \/>\noch omh\u00e4ndertagande av spillmaterial och demonterat\/rivet material,<br \/>\noch vi har \u00e4ven medverkat i framtagande av ett milj\u00f6ledningssystem<br \/>\nf\u00f6r Diligentia.<\/p>\n<p>F\u00f6rs\u00e4kring<br \/>\nV\u00e5r ansvarsf\u00f6rs\u00e4kring omfattar 120 bb\/uppdrag och 360 bb\/\u00e5r och<br \/>\nf\u00f6rs\u00e4krings\u00e5r. Levin VVS-Konsult AB \u00e4r f\u00f6rs\u00e4krade f\u00f6r brand, inbrott<br \/>\noch vattenskada upp till 100bb f\u00f6r egendom.<\/p>\n<\/div>\n\t\t<\/div><\/div><\/div><\/div><\/div>","protected":false},"excerpt":{"rendered":"<p>F\u00f6retaget startades 1971 av Mats Levin och 2005 genomf\u00f6rdes ett generationsskifte som innebar att Jan Levin \u00f6vertog verksamheten som numera engagerar upp till 7 personer. Vi arbetar huvudsakligen med projektering av r\u00f6r- och luftbehandlingsinstallationer f\u00f6r bost\u00e4der, kontor, barnstugor, skolor, tv\u00e4ttstugor, skyddsrum, butiker och hotell samt industrianl\u00e4ggningar. F\u00f6r mindre fastighets\u00e4gare och bostadsr\u00e4ttsf\u00f6reningar uppr\u00e4ttar vi rambeskrivningar f\u00f6r &hellip; <a href=\"https:\/\/www.levin-vvs.se\/index.php\/om-levin\/\" class=\"more-link\">Forts\u00e4tt l\u00e4sa<span class=\"screen-reader-text\"> \u201dOM LEVIN\u201d<\/span><\/a><\/p>\n","protected":false},"author":1,"featured_media":0,"parent":0,"menu_order":0,"comment_status":"closed","ping_status":"closed","template":"","meta":{"footnotes":""},"class_list":["post-39","page","type-page","status-publish","hentry"],"_links":{"self":[{"href":"https:\/\/www.levin-vvs.se\/index.php\/wp-json\/wp\/v2\/pages\/39","targetHints":{"allow":["GET"]}}],"collection":[{"href":"https:\/\/www.levin-vvs.se\/index.php\/wp-json\/wp\/v2\/pages"}],"about":[{"href":"https:\/\/www.levin-vvs.se\/index.php\/wp-json\/wp\/v2\/types\/page"}],"author":[{"embeddable":true,"href":"https:\/\/www.levin-vvs.se\/index.php\/wp-json\/wp\/v2\/users\/1"}],"replies":[{"embeddable":true,"href":"https:\/\/www.levin-vvs.se\/index.php\/wp-json\/wp\/v2\/comments?post=39"}],"version-history":[{"count":17,"href":"https:\/\/www.levin-vvs.se\/index.php\/wp-json\/wp\/v2\/pages\/39\/revisions"}],"predecessor-version":[{"id":385,"href":"https:\/\/www.levin-vvs.se\/index.php\/wp-json\/wp\/v2\/pages\/39\/revisions\/385"}],"wp:attachment":[{"href":"https:\/\/www.levin-vvs.se\/index.php\/wp-json\/wp\/v2\/media?parent=39"}],"curies":[{"name":"wp","href":"https:\/\/api.w.org\/{rel}","templated":true}]}}