{"id":43,"date":"2016-03-11T13:53:11","date_gmt":"2016-03-11T12:53:11","guid":{"rendered":"http:\/\/resinwood.cadcoordinator.se\/?page_id=43"},"modified":"2022-03-24T15:29:21","modified_gmt":"2022-03-24T14:29:21","slug":"tabeller","status":"publish","type":"page","link":"https:\/\/www.levin-vvs.se\/index.php\/tabeller\/","title":{"rendered":"KONTAKT"},"content":{"rendered":"<div id=\"pl-43\"  class=\"panel-layout\" ><div id=\"pg-43-0\"  class=\"panel-grid panel-no-style\" ><div id=\"pgc-43-0-0\"  class=\"panel-grid-cell\" ><div id=\"panel-43-0-0-0\" class=\"so-panel widget widget_text panel-first-child panel-last-child\" data-index=\"0\" >\t\t\t<div class=\"textwidget\"><img decoding=\"async\" src=\"http:\/\/www.levin-vvs.se\/wp-content\/uploads\/2016\/03\/Lager-25.png\">  \n\n<div class=\"right-align\">\n<strong>Jan Levin<\/strong><\/br>\nKonstrukt\u00f6r \/ Handl\u00e4ggare<\/br>\nEpost: <a href=\"mailto:jan.levin@levin-vvs.se\" target=\"_top\">jan.levin@levin-vvs.se<\/a><\/br>\nTelefon: 08-4424852<\/br>\nMobil: 0708 72 48 33\n<\/div><\/div>\n\t\t<\/div><\/div><div id=\"pgc-43-0-1\"  class=\"panel-grid-cell\" ><div id=\"panel-43-0-1-0\" class=\"so-panel widget widget_text panel-first-child panel-last-child\" data-index=\"1\" >\t\t\t<div class=\"textwidget\"><img decoding=\"async\" src=\"http:\/\/www.levin-vvs.se\/wp-content\/uploads\/2016\/03\/Lager-26.png\">  \n\n<div class=\"right-align\">\n<strong>Mats Levin<\/strong><\/br>\nNestor \/ Handl\u00e4ggare<\/br>\nEpost: <a href=\"mailto:mats.levin@levin-vvs.se\" target=\"_top\">mats.levin@levin-vvs.se<\/a><\/br>\nTelefon: 08-4424852<\/br>\nMobil: 0708 72 48 72\n<\/div><\/div>\n\t\t<\/div><\/div><\/div><div id=\"pg-43-1\"  class=\"panel-grid panel-no-style\" ><div id=\"pgc-43-1-0\"  class=\"panel-grid-cell\" ><div id=\"panel-43-1-0-0\" class=\"so-panel widget widget_text panel-first-child panel-last-child\" data-index=\"2\" >\t\t\t<div class=\"textwidget\"><img decoding=\"async\" src=\"http:\/\/www.levin-vvs.se\/wp-content\/uploads\/2016\/03\/\/Lager-27.png\">  \n\n<div class=\"right-align\">\n<strong>Martin Petr\u00e9n<\/strong><\/br>\nKonstrukt\u00f6r \/ Handl\u00e4ggare<\/br>\nEpost:  <a href=\"mailto:info@levin-vvs.se\" target=\"_top\">info@levin-vvs.se<\/a><\/br>\nTelefon: 08-4424850 <\/br>\n\n<\/div><\/div>\n\t\t<\/div><\/div><div id=\"pgc-43-1-1\"  class=\"panel-grid-cell\" ><div id=\"panel-43-1-1-0\" class=\"so-panel widget widget_text panel-first-child panel-last-child\" data-index=\"3\" >\t\t\t<div class=\"textwidget\"><img decoding=\"async\" src=\"http:\/\/www.levin-vvs.se\/wp-content\/uploads\/2016\/03\/Lager-28.png\">  \n\n<div class=\"right-align\">\n<strong>Mikael Joelsson<\/strong><\/br>\nKonstrukt\u00f6r \/ Handl\u00e4ggare<\/br>\nEpost: <a href=\"mailto:info@levin-vvs.se\" target=\"_top\">info@levin-vvs.se<\/a><\/br>\nTelefon: 08-4424850<\/br>\n\n<\/div><\/div>\n\t\t<\/div><\/div><\/div><div id=\"pg-43-2\"  class=\"panel-grid panel-no-style\" ><div id=\"pgc-43-2-0\"  class=\"panel-grid-cell\" ><div id=\"panel-43-2-0-0\" class=\"so-panel widget widget_text panel-first-child panel-last-child\" data-index=\"4\" >\t\t\t<div class=\"textwidget\"><img decoding=\"async\" src=\"http:\/\/www.levin-vvs.se\/wp-content\/uploads\/2016\/03\/\/Lager-29.png\">  \n\n<div class=\"right-align\">\n<strong>Raimo Kuronen<\/strong><\/br>\nKonstrukt\u00f6r \/ Handl\u00e4ggare<\/br>\nEpost: <a href=\"mailto:info@levin-vvs.se\" target=\"_top\">info@levin-vvs.se<\/a><\/br>\nTelefon: 08-4424850 <\/br>\n<\/div><\/div>\n\t\t<\/div><\/div><div id=\"pgc-43-2-1\"  class=\"panel-grid-cell\" ><div id=\"panel-43-2-1-0\" class=\"so-panel widget widget_text panel-first-child panel-last-child\" data-index=\"5\" >\t\t\t<div class=\"textwidget\"><img decoding=\"async\" src=\"http:\/\/www.levin-vvs.se\/wp-content\/uploads\/2016\/03\/Lager-30.png\">  \n\n<div class=\"right-align\">\n<strong>Niclas Jensen<\/strong><\/br>\nKonstrukt\u00f6r \/ Handl\u00e4ggare              <\/br>\nEpost: <a href=\"mailto:info@levin-vvs.se\" target=\"_top\">info@levin-vvs.se<\/a><\/br>\nTelefon: 08-4424850<\/br>\n<\/div><\/div>\n\t\t<\/div><\/div><\/div><div id=\"pg-43-3\"  class=\"panel-grid panel-no-style\" ><div id=\"pgc-43-3-0\"  class=\"panel-grid-cell\" ><div id=\"panel-43-3-0-0\" class=\"so-panel widget widget_text panel-first-child panel-last-child\" data-index=\"6\" >\t\t\t<div class=\"textwidget\"><img decoding=\"async\" src=\"http:\/\/www.levin-vvs.se\/wp-content\/uploads\/2016\/03\/Lager-31.png\">  \n\n<div class=\"right-align\">\n<strong>Anders Sundqvist<\/strong><\/br>\nCAD-ritare<\/br>\nEpost: <a href=\"mailto:info@levin-vvs.se\" target=\"_top\">info@levin-vvs.se<\/a><\/br>\nTelefon: 08-4424850<\/br>\n<\/div><\/div>\n\t\t<\/div><\/div><div id=\"pgc-43-3-1\"  class=\"panel-grid-cell\" ><div id=\"panel-43-3-1-0\" class=\"so-panel widget widget_text panel-first-child panel-last-child\" data-index=\"7\" >\t\t\t<div class=\"textwidget\"><img decoding=\"async\" src=\"http:\/\/www.levin-vvs.se\/wp-content\/uploads\/2016\/03\/Lager-33.png\">  \n\n<div class=\"right-align\">\n<strong>Christina Arnekvist<\/strong><\/br>\nEkonomi<\/br>\nEpost:  christina.arnekvist@levin-vvs.se<\/br>\nTelefon: 08-4424858 <\/br>\n<\/div><\/div>\n\t\t<\/div><\/div><\/div><div id=\"pg-43-4\"  class=\"panel-grid panel-no-style\" ><div id=\"pgc-43-4-0\"  class=\"panel-grid-cell panel-grid-cell-empty\" ><\/div><div id=\"pgc-43-4-1\"  class=\"panel-grid-cell\" ><div id=\"panel-43-4-1-0\" class=\"so-panel widget widget_text panel-first-child panel-last-child\" data-index=\"8\" >\t\t\t<div class=\"textwidget\"><img decoding=\"async\" src=\"http:\/\/www.levin-vvs.se\/wp-content\/uploads\/2016\/03\/Lager-32.png\">  \n\n<div class=\"right-align\">\n<strong>Olle Skog<\/strong><\/br>\nBitr. Konstrukt\u00f6r<\/br>\nEpost:  <a href=\"mailto:info@levin-vvs.se\" target=\"_top\">info@levin-vvs.se<\/a><\/br>\nTelefon: 08-4424850<\/br>\n<\/div><\/div>\n\t\t<\/div><\/div><\/div><div id=\"pg-43-5\"  class=\"panel-grid panel-no-style\" ><div id=\"pgc-43-5-0\"  class=\"panel-grid-cell\" ><div id=\"panel-43-5-0-0\" class=\"so-panel widget widget_text panel-first-child panel-last-child\" data-index=\"9\" >\t\t\t<div class=\"textwidget\"><\/div>\n\t\t<\/div><\/div><div id=\"pgc-43-5-1\"  class=\"panel-grid-cell\" ><div id=\"panel-43-5-1-0\" class=\"so-panel widget widget_text panel-first-child panel-last-child\" data-index=\"10\" >\t\t\t<div class=\"textwidget\"><\/div>\n\t\t<\/div><\/div><\/div><\/div>","protected":false},"excerpt":{"rendered":"<p>Jan Levin Konstrukt\u00f6r \/ Handl\u00e4ggare Epost: jan.levin@levin-vvs.se Telefon: 08-4424852 Mobil: 0708 72 48 33 Mats Levin Nestor \/ Handl\u00e4ggare Epost: mats.levin@levin-vvs.se Telefon: 08-4424852 Mobil: 0708 72 48 72 Martin Petr\u00e9n Konstrukt\u00f6r \/ Handl\u00e4ggare Epost: info@levin-vvs.se Telefon: 08-4424850 Mikael Joelsson Konstrukt\u00f6r \/ Handl\u00e4ggare Epost: info@levin-vvs.se Telefon: 08-4424850<\/p>\n","protected":false},"author":1,"featured_media":0,"parent":0,"menu_order":0,"comment_status":"closed","ping_status":"closed","template":"","meta":{"footnotes":""},"class_list":["post-43","page","type-page","status-publish","hentry"],"_links":{"self":[{"href":"https:\/\/www.levin-vvs.se\/index.php\/wp-json\/wp\/v2\/pages\/43","targetHints":{"allow":["GET"]}}],"collection":[{"href":"https:\/\/www.levin-vvs.se\/index.php\/wp-json\/wp\/v2\/pages"}],"about":[{"href":"https:\/\/www.levin-vvs.se\/index.php\/wp-json\/wp\/v2\/types\/page"}],"author":[{"embeddable":true,"href":"https:\/\/www.levin-vvs.se\/index.php\/wp-json\/wp\/v2\/users\/1"}],"replies":[{"embeddable":true,"href":"https:\/\/www.levin-vvs.se\/index.php\/wp-json\/wp\/v2\/comments?post=43"}],"version-history":[{"count":26,"href":"https:\/\/www.levin-vvs.se\/index.php\/wp-json\/wp\/v2\/pages\/43\/revisions"}],"predecessor-version":[{"id":399,"href":"https:\/\/www.levin-vvs.se\/index.php\/wp-json\/wp\/v2\/pages\/43\/revisions\/399"}],"wp:attachment":[{"href":"https:\/\/www.levin-vvs.se\/index.php\/wp-json\/wp\/v2\/media?parent=43"}],"curies":[{"name":"wp","href":"https:\/\/api.w.org\/{rel}","templated":true}]}}